{"id":620,"date":"2026-01-12T10:45:03","date_gmt":"2026-01-12T10:45:03","guid":{"rendered":"http:\/\/31.217.193.162\/~rthinkfi\/?page_id=620"},"modified":"2026-01-14T08:30:07","modified_gmt":"2026-01-14T08:30:07","slug":"etusivu","status":"publish","type":"page","link":"https:\/\/r3think.fi\/~rthinkfi\/","title":{"rendered":""},"content":{"rendered":"\n<div class=\"wp-block-group alignfull has-palette-color-4-background-color has-background is-layout-constrained wp-block-group-is-layout-constrained\" style=\"padding-top:7rem;padding-bottom:7rem;background-image:url(&apos;http:\/\/31.217.193.162\/~rthinkfi\/wp-content\/uploads\/2026\/01\/tausta.png&apos;);background-size:cover;\">\n<div class=\"wp-block-columns are-vertically-aligned-center is-layout-flex wp-container-core-columns-is-layout-94d34361 wp-block-columns-is-layout-flex\" style=\"border-bottom-color:#ffffff1a;border-bottom-style:solid;border-bottom-width:1px;margin-bottom:3.7rem;padding-bottom:4rem\">\n<div class=\"wp-block-column is-vertically-aligned-center is-layout-flow wp-block-column-is-layout-flow\" style=\"flex-basis:55%\">\n<p class=\"has-white-color has-text-color has-link-color wp-elements-0eba39e9f47efa73be79918c07051ff0\" style=\"margin-bottom:15px;font-style:normal;font-weight:500\">R3Think! raw, refine, report<\/p>\n\n\n\n<h2 class=\"wp-block-heading has-white-color has-text-color has-link-color has-x-large-font-size wp-elements-7659cd41e4dfc79a101b1155ad09cd4e\" id=\"the-perfect-theme-for-stunning-websites\" style=\"margin-top:0;margin-bottom:20px;font-style:normal;font-weight:800;line-height:1.2\">Analytiikka- ja raportointipalvelut<\/h2>\n\n\n\n<p class=\"has-white-color has-text-color has-link-color has-medium-font-size wp-elements-2de4588129d3b61278c4529b6e85d18a\" style=\"margin-bottom:50px\">Modernit ja automatisoidut BI ratkaisut, liiketoiminnan kasvun tueksi<\/p>\n<\/div>\n\n\n\n<div class=\"wp-block-column is-vertically-aligned-center is-layout-flow wp-block-column-is-layout-flow\">\n<figure class=\"wp-block-image size-large\"><img loading=\"lazy\" decoding=\"async\" width=\"1024\" height=\"672\" src=\"http:\/\/r3think.fi\/wp-content\/uploads\/2026\/01\/logo-1024x672.png\" alt=\"\" class=\"wp-image-653\" srcset=\"https:\/\/r3think.fi\/wp-content\/uploads\/2026\/01\/logo-1024x672.png 1024w, https:\/\/r3think.fi\/wp-content\/uploads\/2026\/01\/logo-300x197.png 300w, https:\/\/r3think.fi\/wp-content\/uploads\/2026\/01\/logo-768x504.png 768w, https:\/\/r3think.fi\/wp-content\/uploads\/2026\/01\/logo.png 1032w\" sizes=\"auto, (max-width: 1024px) 100vw, 1024px\" \/><\/figure>\n<\/div>\n<\/div>\n<\/div>\n\n\n\n<div class=\"wp-block-group alignfull has-white-background-color has-background is-layout-constrained wp-block-group-is-layout-constrained\" style=\"padding-top:7rem;padding-bottom:7rem\">\n<div class=\"wp-block-columns are-vertically-aligned-center is-layout-flex wp-container-core-columns-is-layout-66fad18a wp-block-columns-is-layout-flex\">\n<div class=\"wp-block-column is-vertically-aligned-center is-layout-flow wp-block-column-is-layout-flow\" style=\"flex-basis:50%\">\n<h2 class=\"wp-block-heading has-black-color has-text-color has-link-color wp-elements-5dbde139d499b8ffd2499546e83e93b0\" style=\"margin-bottom:20px;font-size:clamp(29.303px, 1.831rem + ((1vw - 3.2px) * 1.695), 51px);font-style:normal;font-weight:800;line-height:1.2\">Finastor laajentaa liiketoimintansa analytiikan ja raportoinnin palveluihin<\/h2>\n\n\n\n<p class=\"has-black-color has-text-color has-link-color has-medium-font-size wp-elements-42fbcc8bc194a82e4e738cbe462073f2\" style=\"border-bottom-color:#0000001F;border-bottom-style:solid;border-bottom-width:1px;margin-bottom:40px;padding-bottom:40px\">Palveluihin kuuluu mm. modernit BI-ty\u00f6kalut, automatisoidut raportointiprosessit ja syv\u00e4llinen analytiikka, joka auttaa tunnistamaan liiketoiminnan kasvumahdollisuuksia. <br><br>Palvelumme pohjautuu Microsoft Fabric teknologiaan.<br><br><a href=\"http:\/\/www.finastor.fi\" target=\"_blank\" rel=\"noreferrer noopener\">www.finastor.fi<\/a><\/p>\n\n\n\n<div class=\"wp-block-group is-vertical is-layout-flex wp-container-core-group-is-layout-355c4241 wp-block-group-is-layout-flex\">\n<div class=\"wp-block-group is-nowrap is-layout-flex wp-container-core-group-is-layout-c1740a5a wp-block-group-is-layout-flex\">\n<figure class=\"wp-block-image size-large is-resized\"><img decoding=\"async\" src=\"https:\/\/r3think.fi\/~rthinkfi\/wp-content\/themes\/blocksy\/inc\/components\/patterns\/assets\/pattern-check-mark.svg\" alt=\"\" style=\"object-fit:contain;width:22px;height:22px\"\/><\/figure>\n\n\n\n<p class=\"has-black-color has-text-color has-link-color wp-elements-291d24abea68faca1343e217ce4b49cb\" style=\"font-size:clamp(14px, 0.875rem + ((1vw - 3.2px) * 0.313), 18px);font-style:normal;font-weight:500\">Modernit ja suorituskykyiset teknologiat<\/p>\n<\/div>\n\n\n\n<div class=\"wp-block-group is-nowrap is-layout-flex wp-container-core-group-is-layout-c1740a5a wp-block-group-is-layout-flex\">\n<figure class=\"wp-block-image size-large is-resized\"><img decoding=\"async\" src=\"https:\/\/r3think.fi\/~rthinkfi\/wp-content\/themes\/blocksy\/inc\/components\/patterns\/assets\/pattern-check-mark.svg\" alt=\"\" style=\"object-fit:contain;width:22px;height:22px\"\/><\/figure>\n\n\n\n<p class=\"has-black-color has-text-color has-link-color wp-elements-47da6eaabc752f12c837356ba87b7ae8\" style=\"font-size:clamp(14px, 0.875rem + ((1vw - 3.2px) * 0.313), 18px);font-style:normal;font-weight:500\">Raportointiasiantuntija, joka ymm\u00e4rt\u00e4\u00e4 aidosti my\u00f6s liiketoimintaa<\/p>\n<\/div>\n\n\n\n<div class=\"wp-block-group is-nowrap is-layout-flex wp-container-core-group-is-layout-c1740a5a wp-block-group-is-layout-flex\">\n<figure class=\"wp-block-image size-large is-resized\"><img decoding=\"async\" src=\"https:\/\/r3think.fi\/~rthinkfi\/wp-content\/themes\/blocksy\/inc\/components\/patterns\/assets\/pattern-check-mark.svg\" alt=\"\" style=\"object-fit:contain;width:22px;height:22px\"\/><\/figure>\n\n\n\n<p class=\"has-black-color has-text-color has-link-color wp-elements-2feca851e0742444eb7c0b28869d001b\" style=\"font-size:clamp(14px, 0.875rem + ((1vw - 3.2px) * 0.313), 18px);font-style:normal;font-weight:500\">Kustannustehokas suoraviivainen toimintamalli<\/p>\n<\/div>\n<\/div>\n<\/div>\n\n\n\n<div class=\"wp-block-column is-vertically-aligned-center is-layout-flow wp-block-column-is-layout-flow\">\n<div class=\"wp-block-columns is-layout-flex wp-container-core-columns-is-layout-2709eace wp-block-columns-is-layout-flex\">\n<div class=\"wp-block-column is-vertically-aligned-stretch is-layout-flow wp-block-column-is-layout-flow\">\n<div class=\"wp-block-cover has-custom-content-position is-position-bottom-center\" style=\"border-radius:20px;padding-top:20px;padding-right:20px;padding-bottom:20px;padding-left:20px;min-height:630px;aspect-ratio:unset;\"><img loading=\"lazy\" decoding=\"async\" width=\"1024\" height=\"1024\" class=\"wp-block-cover__image-background wp-image-639 size-large\" alt=\"\" src=\"http:\/\/r3think.fi\/wp-content\/uploads\/2026\/01\/finastor-1024x1024.webp\" data-object-fit=\"cover\" srcset=\"https:\/\/r3think.fi\/wp-content\/uploads\/2026\/01\/finastor-1024x1024.webp 1024w, https:\/\/r3think.fi\/wp-content\/uploads\/2026\/01\/finastor-300x300.webp 300w, https:\/\/r3think.fi\/wp-content\/uploads\/2026\/01\/finastor-150x150.webp 150w, https:\/\/r3think.fi\/wp-content\/uploads\/2026\/01\/finastor-768x768.webp 768w, https:\/\/r3think.fi\/wp-content\/uploads\/2026\/01\/finastor.webp 1080w\" sizes=\"auto, (max-width: 1024px) 100vw, 1024px\" \/><span aria-hidden=\"true\" class=\"wp-block-cover__background has-background-dim-0 has-background-dim\" style=\"background-color:#5a5b73\"><\/span><div class=\"wp-block-cover__inner-container is-layout-flow wp-block-cover-is-layout-flow\">\n<p><\/p>\n<\/div><\/div>\n<\/div>\n<\/div>\n<\/div>\n<\/div>\n<\/div>\n\n\n\n<div class=\"wp-block-group alignfull has-white-background-color has-background is-layout-constrained wp-block-group-is-layout-constrained\" style=\"padding-top:7rem;padding-bottom:7rem\">\n<p class=\"has-text-align-center has-black-color has-text-color has-link-color wp-elements-bea507d14012657b128c92aab5d27161\" style=\"margin-bottom:20px;font-style:normal;font-weight:500\"><\/p>\n\n\n\n<h1 class=\"wp-block-heading has-text-align-center has-black-color has-text-color has-link-color has-xx-large-font-size wp-elements-560082c4c25fc00a17eeced7dcf9a707\" style=\"margin-top:0;font-style:normal;font-weight:800;line-height:1.2\">Kokemuksen tuomaa varmuutta!<\/h1>\n\n\n\n<p class=\"has-text-align-center has-black-color has-text-color has-link-color wp-elements-6c9be2630c7168074920e19311ab42f1\" style=\"margin-bottom:var(--wp--preset--spacing--80)\">Henkil\u00f6st\u00f6ll\u00e4mme on pitk\u00e4 kokemus tiedolla johtamisen kehitt\u00e4misest\u00e4 ja asiakasprojekteista. Lis\u00e4ksi k\u00e4yt\u00f6ss\u00e4mme on <a href=\"https:\/\/finastor.fi\/yritys\/tiimi\/\" target=\"_blank\" rel=\"noreferrer noopener\">Finastorin tiimin<\/a> asiantuntijuus.<\/p>\n\n\n\n<div class=\"wp-block-columns is-layout-flex wp-container-core-columns-is-layout-2709eace wp-block-columns-is-layout-flex\">\n<div class=\"wp-block-column has-border-color is-layout-flow wp-block-column-is-layout-flow\" style=\"border-color:#0000001f;border-style:solid;border-width:2px;border-radius:20px;padding-top:30px;padding-right:30px;padding-bottom:30px;padding-left:30px\">\n<div class=\"wp-block-group is-content-justification-center is-nowrap is-layout-flex wp-container-core-group-is-layout-faecc223 wp-block-group-is-layout-flex\" style=\"margin-bottom:50px\">\n<figure class=\"wp-block-image size-full is-resized has-custom-border\"><img loading=\"lazy\" decoding=\"async\" width=\"339\" height=\"354\" src=\"http:\/\/r3think.fi\/wp-content\/uploads\/2026\/01\/kalle_m.png\" alt=\"\" class=\"wp-image-633\" style=\"border-radius:100%;width:150px\" srcset=\"https:\/\/r3think.fi\/wp-content\/uploads\/2026\/01\/kalle_m.png 339w, https:\/\/r3think.fi\/wp-content\/uploads\/2026\/01\/kalle_m-287x300.png 287w\" sizes=\"auto, (max-width: 339px) 100vw, 339px\" \/><\/figure>\n<\/div>\n\n\n\n<h2 class=\"wp-block-heading has-text-align-center has-black-color has-text-color has-link-color has-medium-font-size wp-elements-93b2f5cddb50181b44baf2618cbfc2d3\" style=\"margin-top:0px\">Kalle M\u00e4\u00e4tt\u00e4<\/h2>\n\n\n\n<p class=\"has-text-align-center has-text-color has-link-color wp-elements-790fb28fe21cbfb02384fcd626236bc5\" style=\"color:#000000a8;margin-bottom:30px\">CEO \/ Sales<\/p>\n\n\n\n<p class=\"has-text-align-center\">kalle.maatta@r3think.fi <br>(+358) 40 719 1694<\/p>\n\n\n\n<ul class=\"wp-block-social-links has-normal-icon-size is-content-justification-center is-layout-flex wp-container-core-social-links-is-layout-8f67c4b3 wp-block-social-links-is-layout-flex\" style=\"margin-bottom:60px\"><li class=\"wp-social-link wp-social-link-linkedin  wp-block-social-link\"><a href=\"https:\/\/www.linkedin.com\/in\/kalle-m%C3%A4%C3%A4tt%C3%A4-a1908b150\/\" class=\"wp-block-social-link-anchor\"><svg width=\"24\" height=\"24\" viewBox=\"0 0 24 24\" version=\"1.1\" xmlns=\"http:\/\/www.w3.org\/2000\/svg\" aria-hidden=\"true\" focusable=\"false\"><path d=\"M19.7,3H4.3C3.582,3,3,3.582,3,4.3v15.4C3,20.418,3.582,21,4.3,21h15.4c0.718,0,1.3-0.582,1.3-1.3V4.3 C21,3.582,20.418,3,19.7,3z M8.339,18.338H5.667v-8.59h2.672V18.338z M7.004,8.574c-0.857,0-1.549-0.694-1.549-1.548 c0-0.855,0.691-1.548,1.549-1.548c0.854,0,1.547,0.694,1.547,1.548C8.551,7.881,7.858,8.574,7.004,8.574z M18.339,18.338h-2.669 v-4.177c0-0.996-0.017-2.278-1.387-2.278c-1.389,0-1.601,1.086-1.601,2.206v4.249h-2.667v-8.59h2.559v1.174h0.037 c0.356-0.675,1.227-1.387,2.526-1.387c2.703,0,3.203,1.779,3.203,4.092V18.338z\"><\/path><\/svg><span class=\"wp-block-social-link-label screen-reader-text\">LinkedIn<\/span><\/a><\/li><\/ul>\n<\/div>\n\n\n\n<div class=\"wp-block-column has-border-color is-layout-flow wp-block-column-is-layout-flow\" style=\"border-color:#0000001f;border-style:solid;border-width:2px;border-radius:20px;padding-top:30px;padding-right:30px;padding-bottom:30px;padding-left:30px\">\n<div class=\"wp-block-group is-content-justification-center is-nowrap is-layout-flex wp-container-core-group-is-layout-faecc223 wp-block-group-is-layout-flex\" style=\"margin-bottom:50px\">\n<figure class=\"wp-block-image size-full is-resized has-custom-border\"><img loading=\"lazy\" decoding=\"async\" width=\"300\" height=\"300\" src=\"https:\/\/r3think.fi\/wp-content\/uploads\/2026\/01\/kimmo.webp\" alt=\"\" class=\"wp-image-684\" style=\"border-radius:100%;width:150px\" srcset=\"https:\/\/r3think.fi\/wp-content\/uploads\/2026\/01\/kimmo.webp 300w, https:\/\/r3think.fi\/wp-content\/uploads\/2026\/01\/kimmo-150x150.webp 150w\" sizes=\"auto, (max-width: 300px) 100vw, 300px\" \/><\/figure>\n<\/div>\n\n\n\n<h2 class=\"wp-block-heading has-text-align-center has-black-color has-text-color has-link-color has-medium-font-size wp-elements-6c902a599b1e8e16def39de6e648523e\" style=\"margin-top:0px\">Kimmo Immonen<\/h2>\n\n\n\n<p class=\"has-text-align-center has-text-color has-link-color wp-elements-380e1cdb6a4e4cf7c31ece31641fec25\" style=\"color:#000000a8;margin-bottom:30px\">Sales<\/p>\n\n\n\n<p class=\"has-text-align-center\">kimmo.immonen@finastor.fi<br>(+358) 40 530 4335<\/p>\n\n\n\n<ul class=\"wp-block-social-links has-normal-icon-size is-content-justification-center is-layout-flex wp-container-core-social-links-is-layout-8f67c4b3 wp-block-social-links-is-layout-flex\" style=\"margin-bottom:60px\"><li class=\"wp-social-link wp-social-link-linkedin  wp-block-social-link\"><a href=\"https:\/\/www.linkedin.com\/in\/kimmoimmonen\/\" class=\"wp-block-social-link-anchor\"><svg width=\"24\" height=\"24\" viewBox=\"0 0 24 24\" version=\"1.1\" xmlns=\"http:\/\/www.w3.org\/2000\/svg\" aria-hidden=\"true\" focusable=\"false\"><path d=\"M19.7,3H4.3C3.582,3,3,3.582,3,4.3v15.4C3,20.418,3.582,21,4.3,21h15.4c0.718,0,1.3-0.582,1.3-1.3V4.3 C21,3.582,20.418,3,19.7,3z M8.339,18.338H5.667v-8.59h2.672V18.338z M7.004,8.574c-0.857,0-1.549-0.694-1.549-1.548 c0-0.855,0.691-1.548,1.549-1.548c0.854,0,1.547,0.694,1.547,1.548C8.551,7.881,7.858,8.574,7.004,8.574z M18.339,18.338h-2.669 v-4.177c0-0.996-0.017-2.278-1.387-2.278c-1.389,0-1.601,1.086-1.601,2.206v4.249h-2.667v-8.59h2.559v1.174h0.037 c0.356-0.675,1.227-1.387,2.526-1.387c2.703,0,3.203,1.779,3.203,4.092V18.338z\"><\/path><\/svg><span class=\"wp-block-social-link-label screen-reader-text\">LinkedIn<\/span><\/a><\/li><\/ul>\n<\/div>\n<\/div>\n\n\n\n<div class=\"wp-block-columns is-layout-flex wp-container-core-columns-is-layout-2709eace wp-block-columns-is-layout-flex\">\n<div class=\"wp-block-column has-border-color is-layout-flow wp-block-column-is-layout-flow\" style=\"border-color:#0000001f;border-style:solid;border-width:2px;border-radius:20px;padding-top:30px;padding-right:30px;padding-bottom:30px;padding-left:30px\">\n<div class=\"wp-block-group is-content-justification-center is-nowrap is-layout-flex wp-container-core-group-is-layout-faecc223 wp-block-group-is-layout-flex\" style=\"margin-bottom:50px\">\n<figure class=\"wp-block-image size-full is-resized has-custom-border\"><img loading=\"lazy\" decoding=\"async\" width=\"407\" height=\"376\" src=\"http:\/\/r3think.fi\/wp-content\/uploads\/2026\/01\/ville.png\" alt=\"\" class=\"wp-image-632\" style=\"border-radius:100%;width:150px\" srcset=\"https:\/\/r3think.fi\/wp-content\/uploads\/2026\/01\/ville.png 407w, https:\/\/r3think.fi\/wp-content\/uploads\/2026\/01\/ville-300x277.png 300w\" sizes=\"auto, (max-width: 407px) 100vw, 407px\" \/><\/figure>\n<\/div>\n\n\n\n<h2 class=\"wp-block-heading has-text-align-center has-black-color has-text-color has-link-color has-medium-font-size wp-elements-9eb735afc0076cb7d20051c2e5781722\" style=\"margin-top:0px\">Ville Lehtinen<\/h2>\n\n\n\n<p class=\"has-text-align-center has-text-color has-link-color wp-elements-8963417d74084b0dfe73ff811e544c8c\" style=\"color:#000000a8;margin-bottom:30px\">Advisor \/ Konsultointi<\/p>\n\n\n\n<p class=\"has-text-align-center\">ville.lehtinen@r3think.fi<br>(+358) 44 262 5867<\/p>\n\n\n\n<ul class=\"wp-block-social-links has-normal-icon-size is-content-justification-center is-layout-flex wp-container-core-social-links-is-layout-8f67c4b3 wp-block-social-links-is-layout-flex\" style=\"margin-bottom:60px\"><li class=\"wp-social-link wp-social-link-linkedin  wp-block-social-link\"><a href=\"https:\/\/www.linkedin.com\/in\/ville-lehtinen-9b0195a2\/\" class=\"wp-block-social-link-anchor\"><svg width=\"24\" height=\"24\" viewBox=\"0 0 24 24\" version=\"1.1\" xmlns=\"http:\/\/www.w3.org\/2000\/svg\" aria-hidden=\"true\" focusable=\"false\"><path d=\"M19.7,3H4.3C3.582,3,3,3.582,3,4.3v15.4C3,20.418,3.582,21,4.3,21h15.4c0.718,0,1.3-0.582,1.3-1.3V4.3 C21,3.582,20.418,3,19.7,3z M8.339,18.338H5.667v-8.59h2.672V18.338z M7.004,8.574c-0.857,0-1.549-0.694-1.549-1.548 c0-0.855,0.691-1.548,1.549-1.548c0.854,0,1.547,0.694,1.547,1.548C8.551,7.881,7.858,8.574,7.004,8.574z M18.339,18.338h-2.669 v-4.177c0-0.996-0.017-2.278-1.387-2.278c-1.389,0-1.601,1.086-1.601,2.206v4.249h-2.667v-8.59h2.559v1.174h0.037 c0.356-0.675,1.227-1.387,2.526-1.387c2.703,0,3.203,1.779,3.203,4.092V18.338z\"><\/path><\/svg><span class=\"wp-block-social-link-label screen-reader-text\">LinkedIn<\/span><\/a><\/li><\/ul>\n<\/div>\n\n\n\n<div class=\"wp-block-column has-border-color is-layout-flow wp-block-column-is-layout-flow\" style=\"border-color:#0000001f;border-style:solid;border-width:2px;border-radius:20px;padding-top:30px;padding-right:30px;padding-bottom:30px;padding-left:30px\">\n<div class=\"wp-block-group is-content-justification-center is-nowrap is-layout-flex wp-container-core-group-is-layout-faecc223 wp-block-group-is-layout-flex\" style=\"margin-bottom:50px\">\n<figure class=\"wp-block-image size-full is-resized has-custom-border\"><img loading=\"lazy\" decoding=\"async\" width=\"300\" height=\"300\" src=\"https:\/\/r3think.fi\/wp-content\/uploads\/2026\/01\/mika.webp\" alt=\"\" class=\"wp-image-683\" style=\"border-radius:100%;width:150px\" srcset=\"https:\/\/r3think.fi\/wp-content\/uploads\/2026\/01\/mika.webp 300w, https:\/\/r3think.fi\/wp-content\/uploads\/2026\/01\/mika-150x150.webp 150w\" sizes=\"auto, (max-width: 300px) 100vw, 300px\" \/><\/figure>\n<\/div>\n\n\n\n<h2 class=\"wp-block-heading has-text-align-center has-black-color has-text-color has-link-color has-medium-font-size wp-elements-25562bb05e13fb5e12a21df02b4a70b7\" style=\"margin-top:0px\">Mika Ropponen<\/h2>\n\n\n\n<p class=\"has-text-align-center has-text-color has-link-color wp-elements-8963417d74084b0dfe73ff811e544c8c\" style=\"color:#000000a8;margin-bottom:30px\">Advisor \/ Konsultointi<\/p>\n\n\n\n<p class=\"has-text-align-center\">mika.ropponen@finastor.fi<br>(+358) 400 607 850<\/p>\n\n\n\n<ul class=\"wp-block-social-links has-normal-icon-size is-content-justification-center is-layout-flex wp-container-core-social-links-is-layout-8f67c4b3 wp-block-social-links-is-layout-flex\" style=\"margin-bottom:60px\"><li class=\"wp-social-link wp-social-link-linkedin  wp-block-social-link\"><a href=\"https:\/\/www.linkedin.com\/in\/mikaropponen\/\" class=\"wp-block-social-link-anchor\"><svg width=\"24\" height=\"24\" viewBox=\"0 0 24 24\" version=\"1.1\" xmlns=\"http:\/\/www.w3.org\/2000\/svg\" aria-hidden=\"true\" focusable=\"false\"><path d=\"M19.7,3H4.3C3.582,3,3,3.582,3,4.3v15.4C3,20.418,3.582,21,4.3,21h15.4c0.718,0,1.3-0.582,1.3-1.3V4.3 C21,3.582,20.418,3,19.7,3z M8.339,18.338H5.667v-8.59h2.672V18.338z M7.004,8.574c-0.857,0-1.549-0.694-1.549-1.548 c0-0.855,0.691-1.548,1.549-1.548c0.854,0,1.547,0.694,1.547,1.548C8.551,7.881,7.858,8.574,7.004,8.574z M18.339,18.338h-2.669 v-4.177c0-0.996-0.017-2.278-1.387-2.278c-1.389,0-1.601,1.086-1.601,2.206v4.249h-2.667v-8.59h2.559v1.174h0.037 c0.356-0.675,1.227-1.387,2.526-1.387c2.703,0,3.203,1.779,3.203,4.092V18.338z\"><\/path><\/svg><span class=\"wp-block-social-link-label screen-reader-text\">LinkedIn<\/span><\/a><\/li><\/ul>\n<\/div>\n<\/div>\n<\/div>\n","protected":false},"excerpt":{"rendered":"<p>R3Think! raw, refine, report Analytiikka- ja raportointipalvelut Modernit ja automatisoidut BI ratkaisut, liiketoiminnan kasvun tueksi Finastor laajentaa liiketoimintansa analytiikan ja raportoinnin palveluihin Palveluihin kuuluu mm. modernit BI-ty\u00f6kalut, automatisoidut raportointiprosessit ja syv\u00e4llinen analytiikka, joka auttaa tunnistamaan liiketoiminnan kasvumahdollisuuksia. Palvelumme pohjautuu Microsoft Fabric teknologiaan. www.finastor.fi Modernit ja suorituskykyiset teknologiat Raportointiasiantuntija, joka ymm\u00e4rt\u00e4\u00e4 aidosti my\u00f6s liiketoimintaa Kustannustehokas suoraviivainen [&hellip;]<\/p>\n","protected":false},"author":1,"featured_media":0,"parent":0,"menu_order":0,"comment_status":"closed","ping_status":"closed","template":"","meta":{"footnotes":""},"class_list":["post-620","page","type-page","status-publish","hentry"],"blocksy_meta":[],"_links":{"self":[{"href":"https:\/\/r3think.fi\/~rthinkfi\/wp-json\/wp\/v2\/pages\/620","targetHints":{"allow":["GET"]}}],"collection":[{"href":"https:\/\/r3think.fi\/~rthinkfi\/wp-json\/wp\/v2\/pages"}],"about":[{"href":"https:\/\/r3think.fi\/~rthinkfi\/wp-json\/wp\/v2\/types\/page"}],"author":[{"embeddable":true,"href":"https:\/\/r3think.fi\/~rthinkfi\/wp-json\/wp\/v2\/users\/1"}],"replies":[{"embeddable":true,"href":"https:\/\/r3think.fi\/~rthinkfi\/wp-json\/wp\/v2\/comments?post=620"}],"version-history":[{"count":35,"href":"https:\/\/r3think.fi\/~rthinkfi\/wp-json\/wp\/v2\/pages\/620\/revisions"}],"predecessor-version":[{"id":730,"href":"https:\/\/r3think.fi\/~rthinkfi\/wp-json\/wp\/v2\/pages\/620\/revisions\/730"}],"wp:attachment":[{"href":"https:\/\/r3think.fi\/~rthinkfi\/wp-json\/wp\/v2\/media?parent=620"}],"curies":[{"name":"wp","href":"https:\/\/api.w.org\/{rel}","templated":true}]}}