{"id":694,"date":"2026-01-13T07:40:28","date_gmt":"2026-01-13T07:40:28","guid":{"rendered":"https:\/\/r3think.fi\/~rthinkfi\/?page_id=694"},"modified":"2026-01-14T08:29:48","modified_gmt":"2026-01-14T08:29:48","slug":"yhteystiedot","status":"publish","type":"page","link":"https:\/\/r3think.fi\/~rthinkfi\/yhteystiedot\/","title":{"rendered":""},"content":{"rendered":"\n<h2 class=\"wp-block-heading\" style=\"margin-top:var(--wp--preset--spacing--70);margin-bottom:var(--wp--preset--spacing--70)\">Yhteystiedot<\/h2>\n\n\n\n<p>Helsinki<br>Antinkatu 3 D, 7 krs\u2028<br>00100 Helsinki<br><br><strong>R3Think! Oy <br><\/strong>Y-Tunnus: 3587710-1<\/p>\n\n\n\n<p>Yhteystiedot<\/p>\n\n\n\n<h2 class=\"wp-block-heading\">Tiimi<\/h2>\n\n\n\n<div class=\"wp-block-columns is-layout-flex wp-container-core-columns-is-layout-2709eace wp-block-columns-is-layout-flex\">\n<div class=\"wp-block-column has-border-color is-layout-flow wp-block-column-is-layout-flow\" style=\"border-color:#0000001f;border-style:solid;border-width:2px;border-radius:20px;padding-top:30px;padding-right:30px;padding-bottom:30px;padding-left:30px\">\n<div class=\"wp-block-group is-content-justification-center is-nowrap is-layout-flex wp-container-core-group-is-layout-faecc223 wp-block-group-is-layout-flex\" style=\"margin-bottom:50px\">\n<figure class=\"wp-block-image size-full is-resized has-custom-border\"><img loading=\"lazy\" decoding=\"async\" width=\"339\" height=\"354\" src=\"http:\/\/r3think.fi\/wp-content\/uploads\/2026\/01\/kalle_m.png\" alt=\"\" class=\"wp-image-633\" style=\"border-radius:100%;width:150px\" srcset=\"https:\/\/r3think.fi\/wp-content\/uploads\/2026\/01\/kalle_m.png 339w, https:\/\/r3think.fi\/wp-content\/uploads\/2026\/01\/kalle_m-287x300.png 287w\" sizes=\"auto, (max-width: 339px) 100vw, 339px\" \/><\/figure>\n<\/div>\n\n\n\n<h2 class=\"wp-block-heading has-text-align-center has-black-color has-text-color has-link-color has-medium-font-size wp-elements-93b2f5cddb50181b44baf2618cbfc2d3\" style=\"margin-top:0px\">Kalle M\u00e4\u00e4tt\u00e4<\/h2>\n\n\n\n<p class=\"has-text-align-center has-text-color has-link-color wp-elements-790fb28fe21cbfb02384fcd626236bc5\" style=\"color:#000000a8;margin-bottom:30px\">CEO \/ Sales<\/p>\n\n\n\n<p class=\"has-text-align-center\">kalle.maatta@r3think.fi <br>(+358) 40 719 1694<\/p>\n\n\n\n<ul class=\"wp-block-social-links has-normal-icon-size is-content-justification-center is-layout-flex wp-container-core-social-links-is-layout-8f67c4b3 wp-block-social-links-is-layout-flex\" style=\"margin-bottom:60px\"><li class=\"wp-social-link wp-social-link-linkedin  wp-block-social-link\"><a href=\"https:\/\/www.linkedin.com\/in\/kalle-m%C3%A4%C3%A4tt%C3%A4-a1908b150\/\" class=\"wp-block-social-link-anchor\"><svg width=\"24\" height=\"24\" viewBox=\"0 0 24 24\" version=\"1.1\" xmlns=\"http:\/\/www.w3.org\/2000\/svg\" aria-hidden=\"true\" focusable=\"false\"><path d=\"M19.7,3H4.3C3.582,3,3,3.582,3,4.3v15.4C3,20.418,3.582,21,4.3,21h15.4c0.718,0,1.3-0.582,1.3-1.3V4.3 C21,3.582,20.418,3,19.7,3z M8.339,18.338H5.667v-8.59h2.672V18.338z M7.004,8.574c-0.857,0-1.549-0.694-1.549-1.548 c0-0.855,0.691-1.548,1.549-1.548c0.854,0,1.547,0.694,1.547,1.548C8.551,7.881,7.858,8.574,7.004,8.574z M18.339,18.338h-2.669 v-4.177c0-0.996-0.017-2.278-1.387-2.278c-1.389,0-1.601,1.086-1.601,2.206v4.249h-2.667v-8.59h2.559v1.174h0.037 c0.356-0.675,1.227-1.387,2.526-1.387c2.703,0,3.203,1.779,3.203,4.092V18.338z\"><\/path><\/svg><span class=\"wp-block-social-link-label screen-reader-text\">LinkedIn<\/span><\/a><\/li><\/ul>\n<\/div>\n\n\n\n<div class=\"wp-block-column has-border-color is-layout-flow wp-block-column-is-layout-flow\" style=\"border-color:#0000001f;border-style:solid;border-width:2px;border-radius:20px;padding-top:30px;padding-right:30px;padding-bottom:30px;padding-left:30px\">\n<div class=\"wp-block-group is-content-justification-center is-nowrap is-layout-flex wp-container-core-group-is-layout-faecc223 wp-block-group-is-layout-flex\" style=\"margin-bottom:50px\">\n<figure class=\"wp-block-image size-full is-resized has-custom-border\"><img loading=\"lazy\" decoding=\"async\" width=\"300\" height=\"300\" src=\"https:\/\/r3think.fi\/wp-content\/uploads\/2026\/01\/kimmo.webp\" alt=\"\" class=\"wp-image-684\" style=\"border-radius:100%;width:150px\" srcset=\"https:\/\/r3think.fi\/wp-content\/uploads\/2026\/01\/kimmo.webp 300w, https:\/\/r3think.fi\/wp-content\/uploads\/2026\/01\/kimmo-150x150.webp 150w\" sizes=\"auto, (max-width: 300px) 100vw, 300px\" \/><\/figure>\n<\/div>\n\n\n\n<h2 class=\"wp-block-heading has-text-align-center has-black-color has-text-color has-link-color has-medium-font-size wp-elements-6c902a599b1e8e16def39de6e648523e\" style=\"margin-top:0px\">Kimmo Immonen<\/h2>\n\n\n\n<p class=\"has-text-align-center has-text-color has-link-color wp-elements-380e1cdb6a4e4cf7c31ece31641fec25\" style=\"color:#000000a8;margin-bottom:30px\">Sales<\/p>\n\n\n\n<p class=\"has-text-align-center\">kimmo.immonen@finastor.fi<br>(+358) 40 530 4335<\/p>\n\n\n\n<ul class=\"wp-block-social-links has-normal-icon-size is-content-justification-center is-layout-flex wp-container-core-social-links-is-layout-8f67c4b3 wp-block-social-links-is-layout-flex\" style=\"margin-bottom:60px\"><li class=\"wp-social-link wp-social-link-linkedin  wp-block-social-link\"><a href=\"https:\/\/www.linkedin.com\/in\/kimmoimmonen\/\" class=\"wp-block-social-link-anchor\"><svg width=\"24\" height=\"24\" viewBox=\"0 0 24 24\" version=\"1.1\" xmlns=\"http:\/\/www.w3.org\/2000\/svg\" aria-hidden=\"true\" focusable=\"false\"><path d=\"M19.7,3H4.3C3.582,3,3,3.582,3,4.3v15.4C3,20.418,3.582,21,4.3,21h15.4c0.718,0,1.3-0.582,1.3-1.3V4.3 C21,3.582,20.418,3,19.7,3z M8.339,18.338H5.667v-8.59h2.672V18.338z M7.004,8.574c-0.857,0-1.549-0.694-1.549-1.548 c0-0.855,0.691-1.548,1.549-1.548c0.854,0,1.547,0.694,1.547,1.548C8.551,7.881,7.858,8.574,7.004,8.574z M18.339,18.338h-2.669 v-4.177c0-0.996-0.017-2.278-1.387-2.278c-1.389,0-1.601,1.086-1.601,2.206v4.249h-2.667v-8.59h2.559v1.174h0.037 c0.356-0.675,1.227-1.387,2.526-1.387c2.703,0,3.203,1.779,3.203,4.092V18.338z\"><\/path><\/svg><span class=\"wp-block-social-link-label screen-reader-text\">LinkedIn<\/span><\/a><\/li><\/ul>\n<\/div>\n<\/div>\n\n\n\n<div class=\"wp-block-columns is-layout-flex wp-container-core-columns-is-layout-2709eace wp-block-columns-is-layout-flex\">\n<div class=\"wp-block-column has-border-color is-layout-flow wp-block-column-is-layout-flow\" style=\"border-color:#0000001f;border-style:solid;border-width:2px;border-radius:20px;padding-top:30px;padding-right:30px;padding-bottom:30px;padding-left:30px\">\n<div class=\"wp-block-group is-content-justification-center is-nowrap is-layout-flex wp-container-core-group-is-layout-faecc223 wp-block-group-is-layout-flex\" style=\"margin-bottom:50px\">\n<figure class=\"wp-block-image size-full is-resized has-custom-border\"><img loading=\"lazy\" decoding=\"async\" width=\"407\" height=\"376\" src=\"http:\/\/r3think.fi\/wp-content\/uploads\/2026\/01\/ville.png\" alt=\"\" class=\"wp-image-632\" style=\"border-radius:100%;width:150px\" srcset=\"https:\/\/r3think.fi\/wp-content\/uploads\/2026\/01\/ville.png 407w, https:\/\/r3think.fi\/wp-content\/uploads\/2026\/01\/ville-300x277.png 300w\" sizes=\"auto, (max-width: 407px) 100vw, 407px\" \/><\/figure>\n<\/div>\n\n\n\n<h2 class=\"wp-block-heading has-text-align-center has-black-color has-text-color has-link-color has-medium-font-size wp-elements-9eb735afc0076cb7d20051c2e5781722\" style=\"margin-top:0px\">Ville Lehtinen<\/h2>\n\n\n\n<p class=\"has-text-align-center has-text-color has-link-color wp-elements-8963417d74084b0dfe73ff811e544c8c\" style=\"color:#000000a8;margin-bottom:30px\">Advisor \/ Konsultointi<\/p>\n\n\n\n<p class=\"has-text-align-center\">ville.lehtinen@r3think.fi<br>(+358) 44 262 5867<\/p>\n\n\n\n<ul class=\"wp-block-social-links has-normal-icon-size is-content-justification-center is-layout-flex wp-container-core-social-links-is-layout-8f67c4b3 wp-block-social-links-is-layout-flex\" style=\"margin-bottom:60px\"><li class=\"wp-social-link wp-social-link-linkedin  wp-block-social-link\"><a href=\"https:\/\/www.linkedin.com\/in\/ville-lehtinen-9b0195a2\/\" class=\"wp-block-social-link-anchor\"><svg width=\"24\" height=\"24\" viewBox=\"0 0 24 24\" version=\"1.1\" xmlns=\"http:\/\/www.w3.org\/2000\/svg\" aria-hidden=\"true\" focusable=\"false\"><path d=\"M19.7,3H4.3C3.582,3,3,3.582,3,4.3v15.4C3,20.418,3.582,21,4.3,21h15.4c0.718,0,1.3-0.582,1.3-1.3V4.3 C21,3.582,20.418,3,19.7,3z M8.339,18.338H5.667v-8.59h2.672V18.338z M7.004,8.574c-0.857,0-1.549-0.694-1.549-1.548 c0-0.855,0.691-1.548,1.549-1.548c0.854,0,1.547,0.694,1.547,1.548C8.551,7.881,7.858,8.574,7.004,8.574z M18.339,18.338h-2.669 v-4.177c0-0.996-0.017-2.278-1.387-2.278c-1.389,0-1.601,1.086-1.601,2.206v4.249h-2.667v-8.59h2.559v1.174h0.037 c0.356-0.675,1.227-1.387,2.526-1.387c2.703,0,3.203,1.779,3.203,4.092V18.338z\"><\/path><\/svg><span class=\"wp-block-social-link-label screen-reader-text\">LinkedIn<\/span><\/a><\/li><\/ul>\n<\/div>\n\n\n\n<div class=\"wp-block-column has-border-color is-layout-flow wp-block-column-is-layout-flow\" style=\"border-color:#0000001f;border-style:solid;border-width:2px;border-radius:20px;padding-top:30px;padding-right:30px;padding-bottom:30px;padding-left:30px\">\n<div class=\"wp-block-group is-content-justification-center is-nowrap is-layout-flex wp-container-core-group-is-layout-faecc223 wp-block-group-is-layout-flex\" style=\"margin-bottom:50px\">\n<figure class=\"wp-block-image size-full is-resized has-custom-border\"><img loading=\"lazy\" decoding=\"async\" width=\"300\" height=\"300\" src=\"https:\/\/r3think.fi\/wp-content\/uploads\/2026\/01\/mika.webp\" alt=\"\" class=\"wp-image-683\" style=\"border-radius:100%;width:150px\" srcset=\"https:\/\/r3think.fi\/wp-content\/uploads\/2026\/01\/mika.webp 300w, https:\/\/r3think.fi\/wp-content\/uploads\/2026\/01\/mika-150x150.webp 150w\" sizes=\"auto, (max-width: 300px) 100vw, 300px\" \/><\/figure>\n<\/div>\n\n\n\n<h2 class=\"wp-block-heading has-text-align-center has-black-color has-text-color has-link-color has-medium-font-size wp-elements-25562bb05e13fb5e12a21df02b4a70b7\" style=\"margin-top:0px\">Mika Ropponen<\/h2>\n\n\n\n<p class=\"has-text-align-center has-text-color has-link-color wp-elements-8963417d74084b0dfe73ff811e544c8c\" style=\"color:#000000a8;margin-bottom:30px\">Advisor \/ Konsultointi<\/p>\n\n\n\n<p class=\"has-text-align-center\">mika.ropponen@finastor.fi<br>(+358) 400 607 850<\/p>\n\n\n\n<ul class=\"wp-block-social-links has-normal-icon-size is-content-justification-center is-layout-flex wp-container-core-social-links-is-layout-8f67c4b3 wp-block-social-links-is-layout-flex\" style=\"margin-bottom:60px\"><li class=\"wp-social-link wp-social-link-linkedin  wp-block-social-link\"><a href=\"https:\/\/www.linkedin.com\/in\/mikaropponen\/\" class=\"wp-block-social-link-anchor\"><svg width=\"24\" height=\"24\" viewBox=\"0 0 24 24\" version=\"1.1\" xmlns=\"http:\/\/www.w3.org\/2000\/svg\" aria-hidden=\"true\" focusable=\"false\"><path d=\"M19.7,3H4.3C3.582,3,3,3.582,3,4.3v15.4C3,20.418,3.582,21,4.3,21h15.4c0.718,0,1.3-0.582,1.3-1.3V4.3 C21,3.582,20.418,3,19.7,3z M8.339,18.338H5.667v-8.59h2.672V18.338z M7.004,8.574c-0.857,0-1.549-0.694-1.549-1.548 c0-0.855,0.691-1.548,1.549-1.548c0.854,0,1.547,0.694,1.547,1.548C8.551,7.881,7.858,8.574,7.004,8.574z M18.339,18.338h-2.669 v-4.177c0-0.996-0.017-2.278-1.387-2.278c-1.389,0-1.601,1.086-1.601,2.206v4.249h-2.667v-8.59h2.559v1.174h0.037 c0.356-0.675,1.227-1.387,2.526-1.387c2.703,0,3.203,1.779,3.203,4.092V18.338z\"><\/path><\/svg><span class=\"wp-block-social-link-label screen-reader-text\">LinkedIn<\/span><\/a><\/li><\/ul>\n<\/div>\n<\/div>\n","protected":false},"excerpt":{"rendered":"<p>Yhteystiedot HelsinkiAntinkatu 3 D, 7 krs\u202800100 Helsinki R3Think! Oy Y-Tunnus: 3587710-1 Yhteystiedot Tiimi Kalle M\u00e4\u00e4tt\u00e4 CEO \/ Sales kalle.maatta@r3think.fi (+358) 40 719 1694 Kimmo Immonen Sales kimmo.immonen@finastor.fi(+358) 40 530 4335 Ville Lehtinen Advisor \/ Konsultointi ville.lehtinen@r3think.fi(+358) 44 262 5867 Mika Ropponen Advisor \/ Konsultointi mika.ropponen@finastor.fi(+358) 400 607 850<\/p>\n","protected":false},"author":1,"featured_media":0,"parent":0,"menu_order":0,"comment_status":"closed","ping_status":"closed","template":"","meta":{"footnotes":""},"class_list":["post-694","page","type-page","status-publish","hentry"],"blocksy_meta":{"content_style_source":"inherit","disable_header":"no","has_hero_section":"enabled","hero_elements":[{"id":"custom_title","enabled":true,"heading_tag":"h1","title":"Home","__id":"L8XZZAaJTmFQ49VYEMRTq"},{"id":"custom_description","enabled":true,"description_visibility":{"desktop":true,"tablet":true,"mobile":false},"__id":"Hpc5VvBl11RZyZx_ThCfo"},{"id":"custom_meta","enabled":false,"meta_elements":[{"id":"author","enabled":true,"label":"By","has_author_avatar":"yes","avatar_size":25},{"id":"post_date","enabled":true,"label":"On","date_format_source":"default","date_format":"M j, Y"},{"id":"updated_date","enabled":false,"label":"On","date_format_source":"default","date_format":"M j, Y"},{"id":"categories","enabled":false,"label":"In","style":"simple"},{"id":"comments","enabled":true}],"page_meta_elements":{"joined":true,"articles_count":true,"comments":true},"__id":"fGqtSqdYPPzP59CFhgXo8"},{"id":"breadcrumbs","enabled":false,"__id":"59Z0_PBFfcW-Z6mmUXQz2"}],"styles_descriptor":{"styles":{"desktop":"[data-prefix=\"single_page\"] .entry-header .page-title {--theme-font-size:30px;} [data-prefix=\"single_page\"] .entry-header .entry-meta {--theme-font-weight:600;--theme-text-transform:uppercase;--theme-font-size:12px;--theme-line-height:1.3;} [data-prefix=\"single_page\"] .hero-section[data-type=\"type-1\"] {--alignment:center;--margin-bottom:35px;}","tablet":"","mobile":""},"google_fonts":[],"version":6},"hero_alignment1":"center","hero_margin":"35px"},"_links":{"self":[{"href":"https:\/\/r3think.fi\/~rthinkfi\/wp-json\/wp\/v2\/pages\/694","targetHints":{"allow":["GET"]}}],"collection":[{"href":"https:\/\/r3think.fi\/~rthinkfi\/wp-json\/wp\/v2\/pages"}],"about":[{"href":"https:\/\/r3think.fi\/~rthinkfi\/wp-json\/wp\/v2\/types\/page"}],"author":[{"embeddable":true,"href":"https:\/\/r3think.fi\/~rthinkfi\/wp-json\/wp\/v2\/users\/1"}],"replies":[{"embeddable":true,"href":"https:\/\/r3think.fi\/~rthinkfi\/wp-json\/wp\/v2\/comments?post=694"}],"version-history":[{"count":6,"href":"https:\/\/r3think.fi\/~rthinkfi\/wp-json\/wp\/v2\/pages\/694\/revisions"}],"predecessor-version":[{"id":729,"href":"https:\/\/r3think.fi\/~rthinkfi\/wp-json\/wp\/v2\/pages\/694\/revisions\/729"}],"wp:attachment":[{"href":"https:\/\/r3think.fi\/~rthinkfi\/wp-json\/wp\/v2\/media?parent=694"}],"curies":[{"name":"wp","href":"https:\/\/api.w.org\/{rel}","templated":true}]}}